{"id":73,"date":"2025-11-20T18:15:50","date_gmt":"2025-11-20T18:15:50","guid":{"rendered":"https:\/\/neoviderm.hr\/?page_id=73"},"modified":"2026-03-31T11:12:57","modified_gmt":"2026-03-31T11:12:57","slug":"kontakt","status":"publish","type":"page","link":"https:\/\/neoviderm.hr\/en\/kontakt\/","title":{"rendered":"Contact"},"content":{"rendered":"<div class=\"wpb-content-wrapper\"><div class=\"vc_row wpb_row vc_row-fluid\"><div class=\"wpb_column vc_column_container vc_col-sm-12\"><div class=\"vc_column-inner\"><div class=\"wpb_wrapper\">\n\t<div class=\"wpb_raw_code wpb_raw_html wpb_content_element\" >\n\t\t<div class=\"wpb_wrapper\">\n\t\t\t<div class=\"neo-contact-page\">\r\n\r\n    <main class=\"neo-contact-main\">\r\n        <div class=\"neo-contact-inner\">\r\n            <!-- Naslov i opis -->\r\n            <div class=\"neo-contact-header\">\r\n                <h1 class=\"neo-contact-title\">Imamo odgovore na sva va\u0161a pitanja<\/h1>\r\n                <p class=\"neo-contact-subtitle\">\r\n                    Vrlo nam je va\u017eno mi\u0161ljenje na\u0161ih korisnika. Molimo ako imate bilo kakvih pitanja,\r\n                    obratite nam se s povjerenjem. Na\u0161 tim \u0107e u \u0161to kra\u0107em roku odgovoriti na va\u0161 upit.\r\n                <\/p>\r\n            <\/div>\r\n\r\n            <!-- GRID: lijeva slika \/ desna forma -->\r\n            <div class=\"neo-contact-grid\">\r\n\r\n                <!-- Lijevo -->\r\n                <div class=\"neo-contact-hero-block\">\r\n                    <div class=\"neo-contact-hero-content\">\r\n                        <h2 class=\"neo-contact-hero-heading\">Your skin. Your ally.<\/h2>\r\n                        <p class=\"neo-contact-hero-text\">\r\n                            Don't wait for it to get serious. Soothe, protect, and restore your skin immediately with neoViderm.\r\n                        <\/p>\r\n                    <\/div>\r\n                <\/div>\r\n\r\n                <!-- Desno -->\r\n                <div class=\"neo-contact-form-card\">\r\n                    <img decoding=\"async\" src=\"https:\/\/neoviderm.hr\/wp-content\/uploads\/2025\/11\/logo.png\"\r\n                         alt=\"Neoviderm Logo\" class=\"neo-contact-form-logo\">\r\n                    \n<div class=\"wpcf7 no-js\" id=\"wpcf7-f405-o1\" lang=\"hr\" dir=\"ltr\" data-wpcf7-id=\"405\">\n<div class=\"screen-reader-response\"><p role=\"status\" aria-live=\"polite\" aria-atomic=\"true\"><\/p> <ul><\/ul><\/div>\n<form action=\"\/en\/wp-json\/wp\/v2\/pages\/73#wpcf7-f405-o1\" method=\"post\" class=\"wpcf7-form init\" aria-label=\"Kontakt obrazac\" novalidate=\"novalidate\" data-status=\"init\" data-trp-original-action=\"\/en\/wp-json\/wp\/v2\/pages\/73#wpcf7-f405-o1\">\n<fieldset class=\"hidden-fields-container\"><input type=\"hidden\" name=\"_wpcf7\" value=\"405\" \/><input type=\"hidden\" name=\"_wpcf7_version\" value=\"6.1.4\" \/><input type=\"hidden\" name=\"_wpcf7_locale\" value=\"hr\" \/><input type=\"hidden\" name=\"_wpcf7_unit_tag\" value=\"wpcf7-f405-o1\" \/><input type=\"hidden\" name=\"_wpcf7_container_post\" value=\"0\" \/><input type=\"hidden\" name=\"_wpcf7_posted_data_hash\" value=\"\" \/>\n<\/fieldset>\n<p><label> Name <span class=\"wpcf7-form-control-wrap\" data-name=\"your-name\"><input size=\"40\" maxlength=\"400\" class=\"wpcf7-form-control wpcf7-text wpcf7-validates-as-required\" aria-required=\"true\" aria-invalid=\"false\" value=\"\" type=\"text\" name=\"your-name\" \/><\/span> <\/label><br \/>\n<label> Last name <span class=\"wpcf7-form-control-wrap\" data-name=\"your-last-name\"><input size=\"40\" maxlength=\"400\" class=\"wpcf7-form-control wpcf7-text wpcf7-validates-as-required\" aria-required=\"true\" aria-invalid=\"false\" value=\"\" type=\"text\" name=\"your-last-name\" \/><\/span> <\/label><br \/>\n<label> Email <span class=\"wpcf7-form-control-wrap\" data-name=\"your-email\"><input size=\"40\" maxlength=\"400\" class=\"wpcf7-form-control wpcf7-email wpcf7-validates-as-required wpcf7-text wpcf7-validates-as-email\" autocomplete=\"email\" aria-required=\"true\" aria-invalid=\"false\" value=\"\" type=\"email\" name=\"your-email\" \/><\/span> <\/label><br \/>\n<label> Subject <span class=\"wpcf7-form-control-wrap\" data-name=\"your-subject\"><input size=\"40\" maxlength=\"400\" class=\"wpcf7-form-control wpcf7-text wpcf7-validates-as-required\" aria-required=\"true\" aria-invalid=\"false\" value=\"\" type=\"text\" name=\"your-subject\" \/><\/span> <\/label><br \/>\n<span class=\"wpcf7-form-control-wrap\" data-name=\"select-332\"><select class=\"wpcf7-form-control wpcf7-select Indikacija koja vas zanima\" aria-invalid=\"false\" name=\"select-332\"><option value=\"Bebe, djeca i trudnice\">Babies, children and pregnant women<\/option><option value=\"Alergije od sunca\">Sun allergies<\/option><option value=\"Onkolo\u0161ki pacijenti\">Oncology patients<\/option><option value=\"Kozmeti\u010dki tretmani\">Cosmetic treatments<\/option><option value=\"Regeneracija i obnova ko\u017ee\">Skin regeneration and renewal<\/option><\/select><\/span><br \/>\n<label> Your message <span class=\"wpcf7-form-control-wrap\" data-name=\"your-message\"><textarea cols=\"40\" rows=\"10\" maxlength=\"2000\" class=\"wpcf7-form-control wpcf7-textarea\" aria-invalid=\"false\" name=\"your-message\"><\/textarea><\/span> <\/label>\n<\/p>\n<p><input class=\"wpcf7-form-control wpcf7-submit has-spinner\" type=\"submit\" value=\"Send\" \/>\n<\/p><div class=\"wpcf7-response-output\" aria-hidden=\"true\"><\/div>\n<input type=\"hidden\" name=\"trp-form-language\" value=\"en\"\/><\/form>\n<\/div>\n\r\n                <\/div>\r\n            <\/div>\r\n\r\n            <!-- IKONE U JEDNOM REDU -->\r\n            <div style=\"display:flex; justify-content:center; align-items:center; gap:40px; flex-wrap:wrap; margin:50px 0; text-align:center;\">\r\n\r\n                <a href=\"mailto:info@neoviderm.hr\" style=\"display:flex; align-items:center; gap:10px; text-decoration:none; color:#333; font-weight:500;\">\r\n                    <span style=\"font-size:22px;\">\u2709\ufe0f<\/span>\r\n                    <span>info@neoviderm.hr<\/span>\r\n                <\/a>\r\n\r\n                <div style=\"display:flex; align-items:center; gap:10px; color:#333; font-weight:500;\">\r\n                    <span style=\"font-size:22px;\">\ud83d\udccd<\/span>\r\n                    <span>Gospodarska ulica 6, 10370 Bo\u017ejakovina<\/span>\r\n                <\/div>\r\n\r\n                <a href=\"tel:+38513700450\" style=\"display:flex; align-items:center; gap:10px; text-decoration:none; color:#333; font-weight:500;\">\r\n                    <span style=\"font-size:22px;\">\u260e\ufe0f<\/span>\r\n                    <span>+ 01 3700 450<\/span>\r\n                <\/a>\r\n\r\n                <a href=\"https:\/\/www.instagram.com\/neoviderm_croatia\/\" \r\n                   target=\"_blank\" \r\n                   rel=\"noopener noreferrer\"\r\n                   style=\"display:flex; align-items:center; gap:10px; text-decoration:none; color:#333; font-weight:500;\">\r\n                    <span style=\"font-size:22px;\">\ud83d\udcf8<\/span>\r\n                    <span>@neoviderm_croatia<\/span>\r\n                <\/a>\r\n\r\n            <\/div>\r\n\r\n            <!-- Mapa -->\r\n            <div class=\"neo-contact-map\">\r\n                <iframe\r\n                    src=\"https:\/\/www.google.com\/maps\/embed?pb=!1m18!1m12!1m3!1d2778.691113838428!2d16.29173337684788!3d45.85693280877148!2m3!1f0!2f0!3f0!3m2!1i1024!2i768!4f13.1!3m3!1m2!1s0x476679a9a5555555%3A0x807f354f762a4cec!2sGospodarska%20ul.%206%2C%2010370%2C%20Bo%C5%BEjakovina!5e0!3m2!1sen!2shr!4v1716382833215!5m2!1sen!2shr\"\r\n                    height=\"450\"\r\n                    loading=\"lazy\"\r\n                    referrerpolicy=\"no-referrer-when-downgrade\"\r\n                    allowfullscreen>\r\n                <\/iframe>\r\n            <\/div>\r\n        <\/div>\r\n    <\/main>\r\n<\/div>\n\t\t<\/div>\n\t<\/div>\n<\/div><\/div><\/div><\/div>\n<\/div>","protected":false},"excerpt":{"rendered":"Imamo odgovore na sva va\u0161a pitanja Vrlo nam je va\u017eno mi\u0161ljenje na\u0161ih korisnika. Molimo ako imate bilo kakvih pitanja, obratite","protected":false},"author":1,"featured_media":0,"parent":0,"menu_order":0,"comment_status":"closed","ping_status":"closed","template":"","meta":{"footnotes":""},"class_list":["post-73","page","type-page","status-publish","hentry"],"acf":[],"_links":{"self":[{"href":"https:\/\/neoviderm.hr\/en\/wp-json\/wp\/v2\/pages\/73","targetHints":{"allow":["GET"]}}],"collection":[{"href":"https:\/\/neoviderm.hr\/en\/wp-json\/wp\/v2\/pages"}],"about":[{"href":"https:\/\/neoviderm.hr\/en\/wp-json\/wp\/v2\/types\/page"}],"author":[{"embeddable":true,"href":"https:\/\/neoviderm.hr\/en\/wp-json\/wp\/v2\/users\/1"}],"replies":[{"embeddable":true,"href":"https:\/\/neoviderm.hr\/en\/wp-json\/wp\/v2\/comments?post=73"}],"version-history":[{"count":15,"href":"https:\/\/neoviderm.hr\/en\/wp-json\/wp\/v2\/pages\/73\/revisions"}],"predecessor-version":[{"id":595,"href":"https:\/\/neoviderm.hr\/en\/wp-json\/wp\/v2\/pages\/73\/revisions\/595"}],"wp:attachment":[{"href":"https:\/\/neoviderm.hr\/en\/wp-json\/wp\/v2\/media?parent=73"}],"curies":[{"name":"wp","href":"https:\/\/api.w.org\/{rel}","templated":true}]}}