{"id":165,"date":"2025-12-04T22:18:02","date_gmt":"2025-12-04T22:18:02","guid":{"rendered":"https:\/\/neoviderm.hr\/?post_type=product&#038;p=165"},"modified":"2026-04-13T19:44:39","modified_gmt":"2026-04-13T19:44:39","slug":"neoviderm-krema-100ml","status":"publish","type":"product","link":"https:\/\/neoviderm.hr\/en\/product\/neoviderm-krema-100ml\/","title":{"rendered":"Neoviderm emulzija 100ml"},"content":{"rendered":"<div class=\"wpb-content-wrapper\"><div class=\"vc_row wpb_row vc_row-fluid\"><div class=\"wpb_column vc_column_container vc_col-sm-12\"><div class=\"vc_column-inner\"><div class=\"wpb_wrapper\">\n\t<div class=\"wpb_text_column wpb_content_element description-wrapper\" >\n\t\t<div class=\"wpb_wrapper\">\n\t\t\t<h3>O PROIZVODU:<\/h3>\n<table class=\"editor-table\">\n<tbody>\n<tr>\n<td>Tip ko\u017ee lica<\/td>\n<td>osjetljiva, suha, atopi\u010dna ko\u017ea lica i ekcemi<\/td>\n<\/tr>\n<tr>\n<td>U\u010dinak<\/td>\n<td>Neoviderm pru\u017ea intenzivnu hidrataciju, umirivanje i regeneraciju osjetljive i o\u0161te\u0107ene ko\u017ee. Posebno je formuliran za njegu ko\u017ee sklone crvenilu, iritacijama i osipima te poma\u017ee u smanjenju crvenila i svrbe\u017ea.<\/p>\n<p>Djeluje za\u0161titno protiv vanjskih utjecaja, poti\u010de prirodni proces zarastanja bez stvaranja o\u017eiljaka te obnavlja glatku i mekanu teksturu ko\u017ee. Njegova napredna formula osigurava brzu regeneraciju i obnovu hidrolipidnog sloja ko\u017ee, \u0161to ga \u010dini idealnim nakon estetskih dubinskih tretmana, laserskih zahvata, microneedlinga i drugih dermatolo\u0161kih procedura. Ko\u017ea je nakon primjene vidljivo smirena, obnovljena i za\u0161ti\u0107ena.<\/td>\n<\/tr>\n<tr>\n<td>Za\u0161tita od sunca<\/td>\n<td>bez SPF<\/td>\n<\/tr>\n<tr>\n<td>Kada koristiti<\/td>\n<td>za dan i no\u0107<\/td>\n<\/tr>\n<tr>\n<td>Aktivne tvari<\/td>\n<td>Beta glukan, Alginati, Hijaluronska kiselina<\/td>\n<\/tr>\n<\/tbody>\n<\/table>\n<p>Medicinski proizvod <strong>neoVIDERM<\/strong> emulzija djeluje na svim razinama za\u0161tite i obnavljanja ko\u017ee. Zahvaljuju\u0107i svom jedinstvenom sastavu, a koji se sastoji od betaglukana, hijaluronske kiseline i alginata, neoVIDERM \u0107e obnoviti hidrolipidnu barijeru, vratiti normalne uvjete fiziolo\u0161ke obrane ko\u017ee, umiriti opekline i upalne procese, dubinski hidratizirati ko\u017eu i ubrzati regeneraciju ko\u017enog tkiva.<\/p>\n<p>Medicinski proizvod <strong>neoVIDERM<\/strong> preporu\u010duju dermatolozi u slu\u010dajevima dermatolo\u0161kih i estetskih tretmana ko\u017ee, opeklina 1. i 2. stupnja, kod bolesnika kod kojih je provo\u0111ena terapija zra\u010denjem, kemijskih i laserskih pilinga, povr\u0161inskih \u010direva, tretmani radioterapije, iritacija, crvenila i osipa ko\u017ee, dermatitisa, malih ogrebotina kao i kod suhe i ispucale ko\u017ee, upala i herpesa.<\/p>\n<p>Uz <strong>neoVIDERM<\/strong> emulziju u svakoj ku\u0107noj ljekarni i kozmeti\u010dkoj torbici, straha od opeklina i o\u0161te\u0107enja ko\u017ee vi\u0161e nema!<\/p>\n<p>Dermatolozi preporu\u010duju <strong>neoViderm<\/strong> za:<\/p>\n<ul>\n<li>Opekline od sunca<\/li>\n<li>Povr\u0161inske opekline prvog i drugog stupnja<\/li>\n<li>Povr\u0161inski \u010direvi<\/li>\n<li>Za\u0161tita prije i nakon radioterapije<\/li>\n<li>Nadra\u017eenost ko\u017ee<\/li>\n<li>Crvenilo ko\u017ee<\/li>\n<li>Ispucalost ko\u017ee<\/li>\n<li>Lju\u0161tenje<\/li>\n<li>Osip<\/li>\n<li>Suha ko\u017ea<\/li>\n<li>Male abrazije<\/li>\n<\/ul>\n<h3>INCI:<\/h3>\n<p>Aqua (Water), Paraffinum Liquidum (Mineral Oil), Glycol Stearate, Stearic Acid, Propylene Glycol, Petrolatum, Squalane, Persea Gratissima (Avocado) Oil, Algin, Beta-Glucan, Sodium Hyaluronate, Triethanolamine, Cetyl Palmitate, Potassium Sorbate, Phenoxyethanol, Sodium Methylparaben, Sodium Ethylparaben, Methylparaben, Ethylparaben, Parfum (Fragrance)<\/p>\n<h3>DODATNE INFORMACIJE:<\/h3>\n<p>Nanesite dovoljnu koli\u010dinu Neoviderm emulzije na ozlije\u0111eno podru\u010dje te ostavite da se potpuno upije. Ukoliko je potrebno, ponovite postupak. Dodatni sloj proizvoda jam\u010di bolji u\u010dinak. Koristite vi\u0161e puta dnevno, sve dok se ko\u017ea u potpunosti ne normalizira ili koristite prema savjetu lije\u010dnika. U slu\u010daju opeklina hladite ope\u010deno podru\u010dje pod mlazom vode iz slavine barem 15 minuta ili dok bol ne nestane. Pa\u017eljivo i nje\u017eno osu\u0161ite zahva\u0107eno podru\u010dje, te nanesite Neoviderm emulziju za ko\u017eu. Ukoliko se emulzija koristi kod radioterapije, nanesite je minimalno 3 sata prije te odmah nakon terapije.<\/p>\n<h3>PAKIRANJE:<\/h3>\n<p>100ml, tuba<\/p>\n\n\t\t<\/div>\n\t<\/div>\n<\/div><\/div><\/div><\/div><div class=\"vc_row wpb_row vc_row-fluid boxtekstslika\"><div class=\"wpb_column vc_column_container vc_col-sm-6\"><div class=\"vc_column-inner\"><div class=\"wpb_wrapper\">\n\t<div class=\"wpb_text_column wpb_content_element\" >\n\t\t<div class=\"wpb_wrapper\">\n\t\t\t<h2>DOKAZANO ZA SVE UZRASTE<\/h2>\n<p><span class=\"number\">92%<\/span> korisnika osjetilo je olak\u0161anje i smanjenje nelagode ve\u0107 nakon prve primjene.<\/p>\n<p><span class=\"number\">98%<\/span> korisnika potvrdilo je da je krema nje\u017ena za osjetljivu ko\u017eu i ne izaziva iritaciju.<\/p>\n<p><span class=\"number\">96%<\/span> korisnika koristilo bi Neoviderm ponovno kod opeklina ili tretmana.<\/p>\n<p><span class=\"number\">90%<\/span> ispitanika izjavilo je da im je ko\u017ea bila vidljivo smirenija unutar 24 sata.<\/p>\n\n\t\t<\/div>\n\t<\/div>\n<\/div><\/div><\/div><div class=\"wpb_column vc_column_container vc_col-sm-6\"><div class=\"vc_column-inner vc_custom_1765369422388\"><div class=\"wpb_wrapper\">\n\t<div class=\"wpb_text_column wpb_content_element vc_custom_1765369360403 slikatekst\" >\n\t\t<div class=\"wpb_wrapper\">\n\t\t\t<h2>Your skin. Your ally.<\/h2>\n<p>Don't wait for it to get serious. Soothe, protect, and restore your skin immediately with neoViderm.<\/p>\n\n\t\t<\/div>\n\t<\/div>\n<\/div><\/div><\/div><\/div><div class=\"vc_row wpb_row vc_row-fluid\"><div class=\"wpb_column vc_column_container vc_col-sm-12\"><div class=\"vc_column-inner\"><div class=\"wpb_wrapper\">\n\t<div class=\"wpb_text_column wpb_content_element\" >\n\t\t<div class=\"wpb_wrapper\">\n\t\t\t\t<div class=\"grid grid-cols-1 md:grid-cols-2 gap-5 neoviderm-products-grid\">\n\t\t\t\t\t<div class=\"bg-white p-4 md:p-8 rounded-xl shadow-lg border border-gray-200 flex flex-col md:flex-row gap-6 md:max-h-[400px] items-center\">\n\t\t\t\t<picture class=\"w-full md:w-1\/3\">\n\t\t\t\t\t<img decoding=\"async\" width=\"505\" height=\"931\" src=\"https:\/\/neoviderm.hr\/wp-content\/uploads\/2025\/11\/neoviderm-spf50.webp\" class=\"max-h-[370px] object-cover rounded-lg\" alt=\"Neoviderm fluid emulzija SPF50+\" loading=\"lazy\" srcset=\"https:\/\/neoviderm.hr\/wp-content\/uploads\/2025\/11\/neoviderm-spf50.webp 505w, https:\/\/neoviderm.hr\/wp-content\/uploads\/2025\/11\/neoviderm-spf50-163x300.webp 163w\" sizes=\"auto, (max-width: 505px) 100vw, 505px\" \/>\t\t\t\t<\/picture>\n\n\t\t\t\t<div class=\"w-full md:w-2\/3 flex flex-col\">\n\t\t\t\t\t<h3 class=\"text-xl font-semibold text-gray-800\">\n\t\t\t\t\t\tNeoviderm fluid emulzija SPF50+\t\t\t\t\t<\/h3>\n\n\t\t\t\t\t        <div class=\"mr-4 flex items-center\">\n            <div class=\"flex items-center\">\n                <img decoding=\"async\" src=\"https:\/\/neoviderm.hr\/wp-content\/uploads\/2025\/12\/star.svg\" class=\"h-4 w-4 text-yellow-500\">\n                <img decoding=\"async\" src=\"https:\/\/neoviderm.hr\/wp-content\/uploads\/2025\/12\/star.svg\" class=\"h-4 w-4 text-yellow-500\">\n                <img decoding=\"async\" src=\"https:\/\/neoviderm.hr\/wp-content\/uploads\/2025\/12\/star.svg\" class=\"h-4 w-4 text-yellow-500\">\n                <img decoding=\"async\" src=\"https:\/\/neoviderm.hr\/wp-content\/uploads\/2025\/12\/star.svg\" class=\"h-4 w-4 text-yellow-500\">\n                <img decoding=\"async\" src=\"https:\/\/neoviderm.hr\/wp-content\/uploads\/2025\/12\/star.svg\" class=\"h-4 w-4 text-yellow-500\">\n            <\/div>\n            <span class=\"ml-2 text-sm text-gray-600\">5,0 (300)<\/span>\n        <\/div>\n\t\t\t\t\t<hr class=\"my-4\">\n\n\t\t\t\t\t<div class=\"gap-2 text-xs flex flex-wrap\">\n\t\t\t\t\t\t<div class=\"flex items-center gap-2 text-green-700\">\n\t\t\t\t\t\t\t<!-- zamijeni putanju ikona po potrebi -->\n\t\t\t\t\t\t\t<span class=\"h-4 w-4 inline-block\">\u2714<\/span>\n\t\t\t\t\t\t\t<span>Razvijeno za potrebe o\u0161te\u0107ene, osjetljive i reaktivne ko\u017ee\n<\/span>\n\t\t\t\t\t\t<\/div>\n\t\t\t\t\t\t<div class=\"flex items-center gap-2 text-green-700\">\n\t\t\t\t\t\t\t<span class=\"h-4 w-4 inline-block\">\u2714<\/span>\n\t\t\t\t\t\t\t<span>Prikladno za kori\u0161tenje kod beba, djece i odraslih<\/span>\n\t\t\t\t\t\t<\/div>\n\t\t\t\t\t<\/div>\n\n\t\t\t\t\t<hr class=\"my-4\">\n\n\t\t\t\t\t<div class=\"flex items-center justify-between flex-wrap gap-2\">\n\t\t\t\t\t\t<div class=\"flex items-center gap-2\">\n\t\t\t\t\t\t\t<div class=\"flex items-center\">\n            <img decoding=\"async\" src=\"https:\/\/neoviderm.hr\/wp-content\/uploads\/2025\/12\/blue_pin.svg\" class=\"h-5 w-5 text-blue-700\">\n            <span class=\"ml-2 text-sm\" style=\"color:#1C4398;\"><a style=\"color:#1C4398; href=\"#\">Dostupno u najbli\u017eoj ljekarni<\/a><\/span>\n        <\/div>\n\t\t\t\t\t\t<\/div>\n\t\t\t\t\t\t<span class=\"font-semibold text-2xl text-gray-800\" x-text=\"totalPrice\">\n\t\t\t\t\t\t\t29,90&nbsp;&euro;\t\t\t\t\t\t<\/span>\n\t\t\t\t\t<\/div>\n\n\t\t\t\t\t<div class=\"mt-6 flex flex-col sm:flex-row gap-4\">\n\t\t\t\t\t\t<a href=\"https:\/\/neoviderm.hr\/en\/product\/neoviderm-spf50\/\"\n\t\t\t\t\t\t   class=\"flex px-4 py-3 w-full items-center text-sm text-center justify-center font-semibold text-white bg-[#E58C4B] rounded-md transition-colors\">\n\t\t\t\t\t\t\tVidi proizvod\t\t\t\t\t\t<\/a>\n\t\t\t\t\t<\/div>\n\t\t\t\t<\/div>\n\t\t\t<\/div>\n\t\t\t\t\t\t<div class=\"bg-white p-4 md:p-8 rounded-xl shadow-lg border border-gray-200 flex flex-col md:flex-row gap-6 md:max-h-[400px] items-center\">\n\t\t\t\t<picture class=\"w-full md:w-1\/3\">\n\t\t\t\t\t<img decoding=\"async\" width=\"174\" height=\"338\" src=\"https:\/\/neoviderm.hr\/wp-content\/uploads\/2025\/11\/neoviderm-spf50-tonirani.webp\" class=\"max-h-[370px] object-cover rounded-lg\" alt=\"Neoviderm tonirana fluid emulzija SPF50+\" loading=\"lazy\" srcset=\"https:\/\/neoviderm.hr\/wp-content\/uploads\/2025\/11\/neoviderm-spf50-tonirani.webp 174w, https:\/\/neoviderm.hr\/wp-content\/uploads\/2025\/11\/neoviderm-spf50-tonirani-154x300.webp 154w\" sizes=\"auto, (max-width: 174px) 100vw, 174px\" \/>\t\t\t\t<\/picture>\n\n\t\t\t\t<div class=\"w-full md:w-2\/3 flex flex-col\">\n\t\t\t\t\t<h3 class=\"text-xl font-semibold text-gray-800\">\n\t\t\t\t\t\tNeoviderm tonirana fluid emulzija SPF50+\t\t\t\t\t<\/h3>\n\n\t\t\t\t\t        <div class=\"mr-4 flex items-center\">\n            <div class=\"flex items-center\">\n                <img decoding=\"async\" src=\"https:\/\/neoviderm.hr\/wp-content\/uploads\/2025\/12\/star.svg\" class=\"h-4 w-4 text-yellow-500\">\n                <img decoding=\"async\" src=\"https:\/\/neoviderm.hr\/wp-content\/uploads\/2025\/12\/star.svg\" class=\"h-4 w-4 text-yellow-500\">\n                <img decoding=\"async\" src=\"https:\/\/neoviderm.hr\/wp-content\/uploads\/2025\/12\/star.svg\" class=\"h-4 w-4 text-yellow-500\">\n                <img decoding=\"async\" src=\"https:\/\/neoviderm.hr\/wp-content\/uploads\/2025\/12\/star.svg\" class=\"h-4 w-4 text-yellow-500\">\n                <img decoding=\"async\" src=\"https:\/\/neoviderm.hr\/wp-content\/uploads\/2025\/12\/star.svg\" class=\"h-4 w-4 text-yellow-500\">\n            <\/div>\n            <span class=\"ml-2 text-sm text-gray-600\">5,0 (300)<\/span>\n        <\/div>\n\t\t\t\t\t<hr class=\"my-4\">\n\n\t\t\t\t\t<div class=\"gap-2 text-xs flex flex-wrap\">\n\t\t\t\t\t\t<div class=\"flex items-center gap-2 text-green-700\">\n\t\t\t\t\t\t\t<!-- zamijeni putanju ikona po potrebi -->\n\t\t\t\t\t\t\t<span class=\"h-4 w-4 inline-block\">\u2714<\/span>\n\t\t\t\t\t\t\t<span>Razvijeno za potrebe o\u0161te\u0107ene, osjetljive i reaktivne ko\u017ee\n<\/span>\n\t\t\t\t\t\t<\/div>\n\t\t\t\t\t\t<div class=\"flex items-center gap-2 text-green-700\">\n\t\t\t\t\t\t\t<span class=\"h-4 w-4 inline-block\">\u2714<\/span>\n\t\t\t\t\t\t\t<span>Prikladno za kori\u0161tenje kod beba, djece i odraslih<\/span>\n\t\t\t\t\t\t<\/div>\n\t\t\t\t\t<\/div>\n\n\t\t\t\t\t<hr class=\"my-4\">\n\n\t\t\t\t\t<div class=\"flex items-center justify-between flex-wrap gap-2\">\n\t\t\t\t\t\t<div class=\"flex items-center gap-2\">\n\t\t\t\t\t\t\t<div class=\"flex items-center\">\n            <img decoding=\"async\" src=\"https:\/\/neoviderm.hr\/wp-content\/uploads\/2025\/12\/blue_pin.svg\" class=\"h-5 w-5 text-blue-700\">\n            <span class=\"ml-2 text-sm\" style=\"color:#1C4398;\"><a style=\"color:#1C4398; href=\"#\">Dostupno u najbli\u017eoj ljekarni<\/a><\/span>\n        <\/div>\n\t\t\t\t\t\t<\/div>\n\t\t\t\t\t\t<span class=\"font-semibold text-2xl text-gray-800\" x-text=\"totalPrice\">\n\t\t\t\t\t\t\t29,90&nbsp;&euro;\t\t\t\t\t\t<\/span>\n\t\t\t\t\t<\/div>\n\n\t\t\t\t\t<div class=\"mt-6 flex flex-col sm:flex-row gap-4\">\n\t\t\t\t\t\t<a href=\"https:\/\/neoviderm.hr\/en\/product\/neoviderm-spf50-tonirani\/\"\n\t\t\t\t\t\t   class=\"flex px-4 py-3 w-full items-center text-sm text-center justify-center font-semibold text-white bg-[#E58C4B] rounded-md transition-colors\">\n\t\t\t\t\t\t\tVidi proizvod\t\t\t\t\t\t<\/a>\n\t\t\t\t\t<\/div>\n\t\t\t\t<\/div>\n\t\t\t<\/div>\n\t\t\t\t<\/div>\n\t\n\n\t\t<\/div>\n\t<\/div>\n<\/div><\/div><\/div><\/div>\n<\/div>","protected":false},"excerpt":{"rendered":"<p>Neoviderm nije samo jo\u0161 jedna krema \u2013 to je medicinski osmi\u0161ljena &#8230; <\/p>","protected":false},"featured_media":21,"comment_status":"open","ping_status":"closed","template":"","meta":[],"product_brand":[],"product_cat":[15],"product_tag":[],"class_list":{"0":"post-165","1":"product","2":"type-product","3":"status-publish","4":"has-post-thumbnail","6":"product_cat-uncategorized","8":"first","9":"instock","10":"shipping-taxable","11":"purchasable","12":"product-type-simple"},"acf":[],"_links":{"self":[{"href":"https:\/\/neoviderm.hr\/en\/wp-json\/wp\/v2\/product\/165","targetHints":{"allow":["GET"]}}],"collection":[{"href":"https:\/\/neoviderm.hr\/en\/wp-json\/wp\/v2\/product"}],"about":[{"href":"https:\/\/neoviderm.hr\/en\/wp-json\/wp\/v2\/types\/product"}],"replies":[{"embeddable":true,"href":"https:\/\/neoviderm.hr\/en\/wp-json\/wp\/v2\/comments?post=165"}],"wp:featuredmedia":[{"embeddable":true,"href":"https:\/\/neoviderm.hr\/en\/wp-json\/wp\/v2\/media\/21"}],"wp:attachment":[{"href":"https:\/\/neoviderm.hr\/en\/wp-json\/wp\/v2\/media?parent=165"}],"wp:term":[{"taxonomy":"product_brand","embeddable":true,"href":"https:\/\/neoviderm.hr\/en\/wp-json\/wp\/v2\/product_brand?post=165"},{"taxonomy":"product_cat","embeddable":true,"href":"https:\/\/neoviderm.hr\/en\/wp-json\/wp\/v2\/product_cat?post=165"},{"taxonomy":"product_tag","embeddable":true,"href":"https:\/\/neoviderm.hr\/en\/wp-json\/wp\/v2\/product_tag?post=165"}],"curies":[{"name":"wp","href":"https:\/\/api.w.org\/{rel}","templated":true}]}}