{"id":216,"date":"2025-12-04T22:24:01","date_gmt":"2025-12-04T22:24:01","guid":{"rendered":"https:\/\/neoviderm.hr\/?post_type=product&#038;p=216"},"modified":"2026-03-31T11:02:06","modified_gmt":"2026-03-31T11:02:06","slug":"neoviderm-spf50-tonirani","status":"publish","type":"product","link":"https:\/\/neoviderm.hr\/en\/product\/neoviderm-spf50-tonirani\/","title":{"rendered":"Neoviderm tonirana fluid emulzija SPF50+"},"content":{"rendered":"<div class=\"wpb-content-wrapper\"><div class=\"vc_row wpb_row vc_row-fluid\"><div class=\"wpb_column vc_column_container vc_col-sm-12\"><div class=\"vc_column-inner\"><div class=\"wpb_wrapper\">\n\t<div class=\"wpb_text_column wpb_content_element description-wrapper\" >\n\t\t<div class=\"wpb_wrapper\">\n\t\t\t<h3>O PROIZVODU:<\/h3>\n<p>neoVIDERM SPF50+ tonirani je fluid emulzija razvijena za za\u0161titu i sprje\u010davanje promjena na osjetljivoj i reaktivnoj ko\u017ei. Ova inovativna formula pru\u017ea vrlo visoku za\u0161titu od sunca (SPF 50+), uz dodatak toniranja, \u0161to je \u010dini idealnom zamjenom za BB kremu ili puder. Namijenjena je za svakodnevnu upotrebu, posebno nakon kemijskih pilinga, IPL tretmana, tretmana za uklanjanje hiperpigmentacija, te za ko\u017eu s puno made\u017ea i sklono\u0161\u0107u melanomima.<\/p>\n<h3>SASTOJCI:<\/h3>\n<p>Voda; Dibutil-adipat; Dietilheksil karbonat; Bis-etilheksiloksifenol metoksifenil triazin; Butil metoksidibenzoilmetan; Butiloktil salicilat; Etilheksil salicilat; Koko-kaprilat; Dietilaminohidroksibenzoil heksil benzoat; Dietilheksil butamido triazon; Poligliceril-6 poliricinoleat; Etilheksil triazon; Silicija; Poliester-7; Vosak biljke Euphorbia cerifera (kandelila vosak); CI 77891 (titanijev dioksid); Neopentilgikol diheptanoat; Poligliceril-6 polihidroksistearat; Poligliceril-3 diizostearat; Maslac sjemenki kakaa; Algin; Natrijev hijaluronat; Natrijev karboksimetil beta-glukan; Magnezijev sulfat; Cetilni alkohol; Disteardimonijum hektorit; 1,2-heksandiol; Poliglicerin-6; Aluminijev hidroksid; Natrijev lauroil glutamat; Lizin; Magnezijev klorid; Pentilen glikol; Hidroksiacetofenon; Tokoferil acetat; Tokoferol; Askorbil palmitat; CI 77492 (\u017eeljezni oksidi); CI 77491 (\u017eeljezni oksidi); CI 77499 (\u017eeljezni oksidi); Parfem (miris)<\/p>\n<h3>DODATNE INFORMACIJE:<\/h3>\n<p>Vodootporna fluid emulzija namijenjena za vanjsku upotrebu. Protresite bo\u010dicu i nje\u017eno umasirajte na izlo\u017eena podru\u010dja dok se potpuno ne upije. Nanijeti na ko\u017eu lica, vrata i dekoltea prije izlaska na sunce. Ponovno nanijeti, u slu\u010daju intenzivnog znojenja i nakon dodira s vodom i su\u0161enja.<\/p>\n<h3>PAKIRANJE:<\/h3>\n<p>50ml, tuba<\/p>\n\n\t\t<\/div>\n\t<\/div>\n<\/div><\/div><\/div><\/div><div class=\"vc_row wpb_row vc_row-fluid rowaktivni vc_custom_1765380251864 vc_row-has-fill\"><div class=\"wpb_column vc_column_container vc_col-sm-6\"><div class=\"vc_column-inner\"><div class=\"wpb_wrapper\"><div id=\"cz_91825\" class=\"cz_91825 cz_title clr cz_title_pos_inline\"><div class=\"cz_title_content\"><div class=\"cz_wpe_content\"><h2>Karakteristike SPF50+<\/h2>\n<p>Pa\u017eljivo razvijena za\u0161tita koja kombinira medicinsku u\u010dinkovitost i ugodno no\u0161enje.<\/p>\n<\/div><\/div><\/div><ul id=\"cz_35617\" class=\"cz_35617 cz_stylish_list clr cz_sl_icon_hover_none\"><li class=\"clr\"><div class=\"cz_sl_icon cz_sl_image\"><i class=\"mr10\"><img decoding=\"async\" src=\"https:\/\/neoviderm.hr\/wp-content\/uploads\/2025\/11\/checkmark-icon.svg\" class=\"attachment-full\" alt=\"\" title=\"checkmark-icon\" \/><\/i><\/div><div><span>regenerira i smiruje nadra\u017eeno lice i ko\u017eu tijela<\/span><\/div><\/li><li class=\"clr\"><div class=\"cz_sl_icon cz_sl_image\"><i class=\"mr10\"><img decoding=\"async\" src=\"https:\/\/neoviderm.hr\/wp-content\/uploads\/2025\/11\/checkmark-icon.svg\" class=\"attachment-full\" alt=\"\" title=\"checkmark-icon\" \/><\/i><\/div><div><span>smanjuje crvenilo i osloba\u0111a od osje\u0107aja neugodnog zatezanja<\/span><\/div><\/li><li class=\"clr\"><div class=\"cz_sl_icon cz_sl_image\"><i class=\"mr10\"><img decoding=\"async\" src=\"https:\/\/neoviderm.hr\/wp-content\/uploads\/2025\/11\/checkmark-icon.svg\" class=\"attachment-full\" alt=\"\" title=\"checkmark-icon\" \/><\/i><\/div><div><span>obnavlja prirodni za\u0161titni sloj ko\u017ee<\/span><\/div><\/li><li class=\"clr\"><div class=\"cz_sl_icon cz_sl_image\"><i class=\"mr10\"><img decoding=\"async\" src=\"https:\/\/neoviderm.hr\/wp-content\/uploads\/2025\/11\/checkmark-icon.svg\" class=\"attachment-full\" alt=\"\" title=\"checkmark-icon\" \/><\/i><\/div><div><span>osje\u0107aj kremastog balzama na ko\u017ei<\/span><\/div><\/li><li class=\"clr\"><div class=\"cz_sl_icon cz_sl_image\"><i class=\"mr10\"><img decoding=\"async\" src=\"https:\/\/neoviderm.hr\/wp-content\/uploads\/2025\/11\/checkmark-icon.svg\" class=\"attachment-full\" alt=\"\" title=\"checkmark-icon\" \/><\/i><\/div><div><span>brzo se upija i ne lijepi se<\/span><\/div><\/li><li class=\"clr\"><div class=\"cz_sl_icon cz_sl_image\"><i class=\"mr10\"><img decoding=\"async\" src=\"https:\/\/neoviderm.hr\/wp-content\/uploads\/2025\/11\/checkmark-icon.svg\" class=\"attachment-full\" alt=\"\" title=\"checkmark-icon\" \/><\/i><\/div><div><span>pogodan je za lice i tijelo<\/span><\/div><\/li><li class=\"clr\"><div class=\"cz_sl_icon cz_sl_image\"><i class=\"mr10\"><img decoding=\"async\" src=\"https:\/\/neoviderm.hr\/wp-content\/uploads\/2025\/11\/checkmark-icon.svg\" class=\"attachment-full\" alt=\"\" title=\"checkmark-icon\" \/><\/i><\/div><div><span>pogodan za ko\u017eu lica i tijela odraslih kao i djece od prvog dana \u017eivota<\/span><\/div><\/li><li class=\"clr\"><div class=\"cz_sl_icon cz_sl_image\"><i class=\"mr10\"><img decoding=\"async\" src=\"https:\/\/neoviderm.hr\/wp-content\/uploads\/2025\/11\/checkmark-icon.svg\" class=\"attachment-full\" alt=\"\" title=\"checkmark-icon\" \/><\/i><\/div><div><span>ne isu\u0161uje ko\u017eu lica<\/span><\/div><\/li><li class=\"clr\"><div class=\"cz_sl_icon cz_sl_image\"><i class=\"mr10\"><img decoding=\"async\" src=\"https:\/\/neoviderm.hr\/wp-content\/uploads\/2025\/11\/checkmark-icon.svg\" class=\"attachment-full\" alt=\"\" title=\"checkmark-icon\" \/><\/i><\/div><div><span>ne masti<\/span><\/div><\/li><li class=\"clr\"><div class=\"cz_sl_icon cz_sl_image\"><i class=\"mr10\"><img decoding=\"async\" src=\"https:\/\/neoviderm.hr\/wp-content\/uploads\/2025\/11\/checkmark-icon.svg\" class=\"attachment-full\" alt=\"\" title=\"checkmark-icon\" \/><\/i><\/div><div><span>ne za\u010depljuje pore<\/span><\/div><\/li><li class=\"clr\"><div class=\"cz_sl_icon cz_sl_image\"><i class=\"mr10\"><img decoding=\"async\" src=\"https:\/\/neoviderm.hr\/wp-content\/uploads\/2025\/11\/checkmark-icon.svg\" class=\"attachment-full\" alt=\"\" title=\"checkmark-icon\" \/><\/i><\/div><div><span>nije komedomeno<\/span><\/div><\/li><\/ul><\/div><\/div><\/div><div class=\"wpb_column vc_column_container vc_col-sm-6\"><div class=\"vc_column-inner\"><div class=\"wpb_wrapper\"><div id=\"cz_41953\" class=\"cz_41953 cz_title clr cz_title_has_bg cz_title_pos_inline\"><div class=\"cz_title_content\"><div class=\"cz_wpe_content\"><h3>Maksimalna za\u0161tita<\/h3>\n<p>Neka ti tvoja ko\u017ea bude zahvalna. Umiri, za\u0161titi i obnovi ko\u017eu odmah uz neoViderm SPF50+.<\/p>\n<\/div><\/div><\/div><\/div><\/div><\/div><\/div><div class=\"vc_row wpb_row vc_row-fluid kakonanositi\"><div class=\"wpb_column vc_column_container vc_col-sm-6\"><div class=\"vc_column-inner\"><div class=\"wpb_wrapper\"><div id=\"cz_96593\" class=\"cz_96593 cz_title clr cz_title_pos_inline\"><div class=\"cz_title_content\"><div class=\"cz_wpe_content\"><h3>Kako nanositi SPF50+?<\/h3>\n<p>Jednostavna rutina za osjetljivu ko\u017eu u svakodnevnim uvjetima. Jednostavna aplikacija i odr\u017eavanje.<\/p>\n<\/div><\/div><\/div><\/div><\/div><\/div><div class=\"columnbox wpb_column vc_column_container vc_col-sm-6\"><div class=\"vc_column-inner\"><div class=\"wpb_wrapper\">\n\t<div class=\"wpb_text_column wpb_content_element box\" >\n\t\t<div class=\"wpb_wrapper\">\n\t\t\t<p><img decoding=\"async\" class=\"alignnone size-full wp-image-308\" src=\"https:\/\/neoviderm.hr\/wp-content\/uploads\/2025\/12\/feature_single_1.svg\" alt=\"\" \/><\/p>\n<h4>Potrebna koli\u010dina?<\/h4>\n<p>Za optimalnu za\u0161titu preporu\u010deno je nano\u0161enje 2mg\/cm2 na povr\u0161inu ko\u017ee. Krema je samo za vanjsku primjenu.<\/p>\n\n\t\t<\/div>\n\t<\/div>\n\n\t<div class=\"wpb_text_column wpb_content_element box\" >\n\t\t<div class=\"wpb_wrapper\">\n\t\t\t<p><img decoding=\"async\" class=\"alignnone size-full wp-image-308\" src=\"https:\/\/neoviderm.hr\/wp-content\/uploads\/2025\/12\/feature_single_2.svg\" alt=\"\" \/><\/p>\n<h4>Kada koristiti?<\/h4>\n<p>Nanesite proizvod prije izlaganja suncu ili neposredno nakon izlaganja. Postupak nano\u0161enja proizvoda trebalo bi ponoviti 3-5 puta na dan.<\/p>\n\n\t\t<\/div>\n\t<\/div>\n\n\t<div class=\"wpb_text_column wpb_content_element box\" >\n\t\t<div class=\"wpb_wrapper\">\n\t\t\t<p><img decoding=\"async\" class=\"alignnone size-full wp-image-308\" src=\"https:\/\/neoviderm.hr\/wp-content\/uploads\/2025\/12\/feature_single_3.svg\" alt=\"\" \/><\/p>\n<h4>Gdje koristiti?<\/h4>\n<p>Prije izlaganja suncu, proizvod nanesite na lice, vrat, dekolte i ruke te ponovite postupak ukoliko je potrebno opet u danu.<\/p>\n\n\t\t<\/div>\n\t<\/div>\n\n\t<div class=\"wpb_text_column wpb_content_element box\" >\n\t\t<div class=\"wpb_wrapper\">\n\t\t\t<p><img decoding=\"async\" class=\"alignnone size-full wp-image-308\" src=\"https:\/\/neoviderm.hr\/wp-content\/uploads\/2025\/12\/feature_single_1.svg\" alt=\"\" \/><\/p>\n<h4>Preporuke<\/h4>\n<p>Lice &#8211; 5 pritiska pumpice, vrat &#8211; 3 pritiska pumpice, dekolte &#8211; 7 pritisaka pumpice i ruke 8 pritisaka pumpice.<\/p>\n\n\t\t<\/div>\n\t<\/div>\n<\/div><\/div><\/div><\/div><div class=\"vc_row wpb_row vc_row-fluid\"><div class=\"wpb_column vc_column_container vc_col-sm-12\"><div class=\"vc_column-inner\"><div class=\"wpb_wrapper\">\n\t<div class=\"wpb_text_column wpb_content_element\" >\n\t\t<div class=\"wpb_wrapper\">\n\t\t\t<h3 style=\"text-align: center;\">\u0160to se nalazi u na\u0161oj formuli?<\/h3>\n<p style=\"text-align: center;\">Pa\u017eljivo odabrani sastojci koji zajedno njeguju, obnavljaju i \u0161tite ko\u017eu, \u010dak i kada je najosjetljivija.<\/p>\n\n\t\t<\/div>\n\t<\/div>\n<div class=\"vc_row wpb_row vc_inner vc_row-fluid\"><div class=\"wpb_column vc_column_container vc_col-sm-4\"><div class=\"vc_column-inner vc_custom_1765382069200\"><div class=\"wpb_wrapper\"><div class=\"vc-hoverbox-wrapper  vc-hoverbox-shape--rounded vc-hoverbox-align--center vc-hoverbox-direction--default vc-hoverbox-width--100\"  ontouchstart=\"\">\n  <div class=\"vc-hoverbox\">\n    <div class=\"vc-hoverbox-inner\">\n      <div class=\"vc-hoverbox-block vc-hoverbox-front\" style=\"background-image: url(https:\/\/neoviderm.hr\/wp-content\/uploads\/2025\/12\/hyaluronic-acid-1024x678.jpg);\">\n        <div class=\"vc-hoverbox-block-inner vc-hoverbox-front-inner\">\n            <h2 style=\"text-align:center\">Hyaluronic acid<\/h2>\n        <\/div>\n      <\/div>\n      <div class=\"vc-hoverbox-block vc-hoverbox-back\" style=\"background-color: #ebebeb;\">\n        <div class=\"vc-hoverbox-block-inner vc-hoverbox-back-inner\">\n            <h2 style=\"text-align:center\">Pru\u017ea hidratantnu i filmogenu za\u0161titu<\/h2>\n            \n            \n        <\/div>\n      <\/div>\n    <\/div>\n  <\/div>\n<\/div><\/div><\/div><\/div><div class=\"wpb_column vc_column_container vc_col-sm-4\"><div class=\"vc_column-inner vc_custom_1765903143845\"><div class=\"wpb_wrapper\"><div class=\"vc-hoverbox-wrapper  vc-hoverbox-shape--rounded vc-hoverbox-align--center vc-hoverbox-direction--default vc-hoverbox-width--100\"  ontouchstart=\"\">\n  <div class=\"vc-hoverbox\">\n    <div class=\"vc-hoverbox-inner\">\n      <div class=\"vc-hoverbox-block vc-hoverbox-front\" style=\"background-image: url(https:\/\/neoviderm.hr\/wp-content\/uploads\/2025\/12\/alginates-683x1024.jpg);\">\n        <div class=\"vc-hoverbox-block-inner vc-hoverbox-front-inner\">\n            <h2 style=\"text-align:center\">Alginates<\/h2>\n        <\/div>\n      <\/div>\n      <div class=\"vc-hoverbox-block vc-hoverbox-back\" style=\"background-color: #ebebeb;\">\n        <div class=\"vc-hoverbox-block-inner vc-hoverbox-back-inner\">\n            <h2 style=\"text-align:center\">\u0160tite ko\u017eu hidratacijom<\/h2>\n            \n            \n        <\/div>\n      <\/div>\n    <\/div>\n  <\/div>\n<\/div><\/div><\/div><\/div><div class=\"wpb_column vc_column_container vc_col-sm-4\"><div class=\"vc_column-inner vc_custom_1765382080097\"><div class=\"wpb_wrapper\"><div class=\"vc-hoverbox-wrapper  vc-hoverbox-shape--rounded vc-hoverbox-align--center vc-hoverbox-direction--default vc-hoverbox-width--100\"  ontouchstart=\"\">\n  <div class=\"vc-hoverbox\">\n    <div class=\"vc-hoverbox-inner\">\n      <div class=\"vc-hoverbox-block vc-hoverbox-front\" style=\"background-image: url(https:\/\/neoviderm.hr\/wp-content\/uploads\/2025\/12\/beta-glucan-1024x684.jpg);\">\n        <div class=\"vc-hoverbox-block-inner vc-hoverbox-front-inner\">\n            <h2 style=\"text-align:center\">Beta-glucan<\/h2>\n        <\/div>\n      <\/div>\n      <div class=\"vc-hoverbox-block vc-hoverbox-back\" style=\"background-color: #ebebeb;\">\n        <div class=\"vc-hoverbox-block-inner vc-hoverbox-back-inner\">\n            <h2 style=\"text-align:center\">Aktivira obrambene procese ko\u017ee i pospje\u0161uje regeneraciju<\/h2>\n            \n            \n        <\/div>\n      <\/div>\n    <\/div>\n  <\/div>\n<\/div><\/div><\/div><\/div><div class=\"wpb_column vc_column_container vc_col-sm-6\"><div class=\"vc_column-inner vc_custom_1765903152574\"><div class=\"wpb_wrapper\"><div class=\"vc-hoverbox-wrapper  vc-hoverbox-shape--rounded vc-hoverbox-align--center vc-hoverbox-direction--default vc-hoverbox-width--100\"  ontouchstart=\"\">\n  <div class=\"vc-hoverbox\">\n    <div class=\"vc-hoverbox-inner\">\n      <div class=\"vc-hoverbox-block vc-hoverbox-front\" style=\"background-image: url(https:\/\/neoviderm.hr\/wp-content\/uploads\/2025\/12\/filter-system-1024x683.jpg);\">\n        <div class=\"vc-hoverbox-block-inner vc-hoverbox-front-inner\">\n            <h2 style=\"text-align:center\">Visoki sustav filtera protiv \u0161irokog spektra djelovanja UVA i UVB zraka<\/h2>\n        <\/div>\n      <\/div>\n      <div class=\"vc-hoverbox-block vc-hoverbox-back\" style=\"background-color: #ebebeb;\">\n        <div class=\"vc-hoverbox-block-inner vc-hoverbox-back-inner\">\n            <h2 style=\"text-align:center\">UVB (SPF 131) i UVA (53) filteri osiguravaju za\u0161titu od \u0161tetnih sun\u010devih zraka<\/h2>\n            \n            \n        <\/div>\n      <\/div>\n    <\/div>\n  <\/div>\n<\/div><\/div><\/div><\/div><div class=\"wpb_column vc_column_container vc_col-sm-6\"><div class=\"vc_column-inner vc_custom_1765903157613\"><div class=\"wpb_wrapper\"><div class=\"vc-hoverbox-wrapper  vc-hoverbox-shape--rounded vc-hoverbox-align--center vc-hoverbox-direction--default vc-hoverbox-width--100\"  ontouchstart=\"\">\n  <div class=\"vc-hoverbox\">\n    <div class=\"vc-hoverbox-inner\">\n      <div class=\"vc-hoverbox-block vc-hoverbox-front\" style=\"background-image: url(https:\/\/neoviderm.hr\/wp-content\/uploads\/2025\/12\/mineral-pigments-1024x319.jpg);\">\n        <div class=\"vc-hoverbox-block-inner vc-hoverbox-front-inner\">\n            <h2 style=\"text-align:center\">Mineralni pigmenti<\/h2>\n        <\/div>\n      <\/div>\n      <div class=\"vc-hoverbox-block vc-hoverbox-back\" style=\"background-color: #ebebeb;\">\n        <div class=\"vc-hoverbox-block-inner vc-hoverbox-back-inner\">\n            <h2 style=\"text-align:center\">Mineralni pigmenti koji daju dodatnu fizi\u010dku za\u0161titu od UV zraka te prekrivaju i ujedna\u010davaju nepravilan ten ko\u017ee lica<\/h2>\n            \n            \n        <\/div>\n      <\/div>\n    <\/div>\n  <\/div>\n<\/div><\/div><\/div><\/div><\/div><div class=\"cz_gap clr  hide_on_tablet hide_on_mobile\" style=\"height: 80px\"><\/div><div class=\"cz_gap show_on_tablet clr  show_only_tablet\" style=\"height: 60px\"><\/div><div class=\"cz_gap show_on_mobile clr\" style=\"height: 40px\"><\/div><\/div><\/div><\/div><\/div><div class=\"vc_row wpb_row vc_row-fluid boxtekstslika\"><div class=\"wpb_column vc_column_container vc_col-sm-6\"><div class=\"vc_column-inner\"><div class=\"wpb_wrapper\">\n\t<div class=\"wpb_text_column wpb_content_element\" >\n\t\t<div class=\"wpb_wrapper\">\n\t\t\t<h2>DOKAZANO ZA SVE UZRASTE<\/h2>\n<p><span class=\"number\">92%<\/span> korisnika osjetilo je olak\u0161anje i smanjenje nelagode ve\u0107 nakon prve primjene.<\/p>\n<p><span class=\"number\">98%<\/span> korisnika potvrdilo je da je krema nje\u017ena za osjetljivu ko\u017eu i ne izaziva iritaciju.<\/p>\n<p><span class=\"number\">96%<\/span> korisnika koristilo bi Neoviderm ponovno kod opeklina ili tretmana.<\/p>\n<p><span class=\"number\">90%<\/span> ispitanika izjavilo je da im je ko\u017ea bila vidljivo smirenija unutar 24 sata.<\/p>\n\n\t\t<\/div>\n\t<\/div>\n<\/div><\/div><\/div><div class=\"wpb_column vc_column_container vc_col-sm-6\"><div class=\"vc_column-inner vc_custom_1765369422388\"><div class=\"wpb_wrapper\">\n\t<div class=\"wpb_text_column wpb_content_element vc_custom_1765369360403 slikatekst\" >\n\t\t<div class=\"wpb_wrapper\">\n\t\t\t<h2>Your skin. Your ally.<\/h2>\n<p>Don't wait for it to get serious. Soothe, protect, and restore your skin immediately with neoViderm.<\/p>\n\n\t\t<\/div>\n\t<\/div>\n<\/div><\/div><\/div><\/div><div class=\"vc_row wpb_row vc_row-fluid\"><div class=\"wpb_column vc_column_container vc_col-sm-12\"><div class=\"vc_column-inner\"><div class=\"wpb_wrapper\">\n\t<div class=\"wpb_text_column wpb_content_element\" >\n\t\t<div class=\"wpb_wrapper\">\n\t\t\t\t<div class=\"grid grid-cols-1 md:grid-cols-2 gap-5 neoviderm-products-grid\">\n\t\t\t\t\t<div class=\"bg-white p-4 md:p-8 rounded-xl shadow-lg border border-gray-200 flex flex-col md:flex-row gap-6 md:max-h-[400px] items-center\">\n\t\t\t\t<picture class=\"w-full md:w-1\/3\">\n\t\t\t\t\t<img decoding=\"async\" width=\"505\" height=\"931\" src=\"https:\/\/neoviderm.hr\/wp-content\/uploads\/2025\/11\/neoviderm-spf50.webp\" class=\"max-h-[370px] object-cover rounded-lg\" alt=\"Neoviderm fluid emulzija SPF50+\" loading=\"lazy\" srcset=\"https:\/\/neoviderm.hr\/wp-content\/uploads\/2025\/11\/neoviderm-spf50.webp 505w, https:\/\/neoviderm.hr\/wp-content\/uploads\/2025\/11\/neoviderm-spf50-163x300.webp 163w\" sizes=\"auto, (max-width: 505px) 100vw, 505px\" \/>\t\t\t\t<\/picture>\n\n\t\t\t\t<div class=\"w-full md:w-2\/3 flex flex-col\">\n\t\t\t\t\t<h3 class=\"text-xl font-semibold text-gray-800\">\n\t\t\t\t\t\tNeoviderm fluid emulzija SPF50+\t\t\t\t\t<\/h3>\n\n\t\t\t\t\t        <div class=\"mr-4 flex items-center\">\n            <div class=\"flex items-center\">\n                <img decoding=\"async\" src=\"https:\/\/neoviderm.hr\/wp-content\/uploads\/2025\/12\/star.svg\" class=\"h-4 w-4 text-yellow-500\">\n                <img decoding=\"async\" src=\"https:\/\/neoviderm.hr\/wp-content\/uploads\/2025\/12\/star.svg\" class=\"h-4 w-4 text-yellow-500\">\n                <img decoding=\"async\" src=\"https:\/\/neoviderm.hr\/wp-content\/uploads\/2025\/12\/star.svg\" class=\"h-4 w-4 text-yellow-500\">\n                <img decoding=\"async\" src=\"https:\/\/neoviderm.hr\/wp-content\/uploads\/2025\/12\/star.svg\" class=\"h-4 w-4 text-yellow-500\">\n                <img decoding=\"async\" src=\"https:\/\/neoviderm.hr\/wp-content\/uploads\/2025\/12\/star.svg\" class=\"h-4 w-4 text-yellow-500\">\n            <\/div>\n            <span class=\"ml-2 text-sm text-gray-600\">5,0 (300)<\/span>\n        <\/div>\n\t\t\t\t\t<hr class=\"my-4\">\n\n\t\t\t\t\t<div class=\"gap-2 text-xs flex flex-wrap\">\n\t\t\t\t\t\t<div class=\"flex items-center gap-2 text-green-700\">\n\t\t\t\t\t\t\t<!-- zamijeni putanju ikona po potrebi -->\n\t\t\t\t\t\t\t<span class=\"h-4 w-4 inline-block\">\u2714<\/span>\n\t\t\t\t\t\t\t<span>Razvijeno za potrebe o\u0161te\u0107ene, osjetljive i reaktivne ko\u017ee\n<\/span>\n\t\t\t\t\t\t<\/div>\n\t\t\t\t\t\t<div class=\"flex items-center gap-2 text-green-700\">\n\t\t\t\t\t\t\t<span class=\"h-4 w-4 inline-block\">\u2714<\/span>\n\t\t\t\t\t\t\t<span>Prikladno za kori\u0161tenje kod beba, djece i odraslih<\/span>\n\t\t\t\t\t\t<\/div>\n\t\t\t\t\t<\/div>\n\n\t\t\t\t\t<hr class=\"my-4\">\n\n\t\t\t\t\t<div class=\"flex items-center justify-between flex-wrap gap-2\">\n\t\t\t\t\t\t<div class=\"flex items-center gap-2\">\n\t\t\t\t\t\t\t<div class=\"flex items-center\">\n            <img decoding=\"async\" src=\"https:\/\/neoviderm.hr\/wp-content\/uploads\/2025\/12\/blue_pin.svg\" class=\"h-5 w-5 text-blue-700\">\n            <span class=\"ml-2 text-sm\" style=\"color:#1C4398;\"><a style=\"color:#1C4398; href=\"#\">Dostupno u najbli\u017eoj ljekarni<\/a><\/span>\n        <\/div>\n\t\t\t\t\t\t<\/div>\n\t\t\t\t\t\t<span class=\"font-semibold text-2xl text-gray-800\" x-text=\"totalPrice\">\n\t\t\t\t\t\t\t29,90&nbsp;&euro;\t\t\t\t\t\t<\/span>\n\t\t\t\t\t<\/div>\n\n\t\t\t\t\t<div class=\"mt-6 flex flex-col sm:flex-row gap-4\">\n\t\t\t\t\t\t<a href=\"https:\/\/neoviderm.hr\/en\/product\/neoviderm-spf50\/\"\n\t\t\t\t\t\t   class=\"flex px-4 py-3 w-full items-center text-sm text-center justify-center font-semibold text-white bg-[#E58C4B] rounded-md transition-colors\">\n\t\t\t\t\t\t\tVidi proizvod\t\t\t\t\t\t<\/a>\n\t\t\t\t\t<\/div>\n\t\t\t\t<\/div>\n\t\t\t<\/div>\n\t\t\t\t\t\t<div class=\"bg-white p-4 md:p-8 rounded-xl shadow-lg border border-gray-200 flex flex-col md:flex-row gap-6 md:max-h-[400px] items-center\">\n\t\t\t\t<picture class=\"w-full md:w-1\/3\">\n\t\t\t\t\t<img decoding=\"async\" width=\"174\" height=\"338\" src=\"https:\/\/neoviderm.hr\/wp-content\/uploads\/2025\/11\/neoviderm-spf50-tonirani.webp\" class=\"max-h-[370px] object-cover rounded-lg\" alt=\"Neoviderm tonirana fluid emulzija SPF50+\" loading=\"lazy\" srcset=\"https:\/\/neoviderm.hr\/wp-content\/uploads\/2025\/11\/neoviderm-spf50-tonirani.webp 174w, https:\/\/neoviderm.hr\/wp-content\/uploads\/2025\/11\/neoviderm-spf50-tonirani-154x300.webp 154w\" sizes=\"auto, (max-width: 174px) 100vw, 174px\" \/>\t\t\t\t<\/picture>\n\n\t\t\t\t<div class=\"w-full md:w-2\/3 flex flex-col\">\n\t\t\t\t\t<h3 class=\"text-xl font-semibold text-gray-800\">\n\t\t\t\t\t\tNeoviderm tonirana fluid emulzija SPF50+\t\t\t\t\t<\/h3>\n\n\t\t\t\t\t        <div class=\"mr-4 flex items-center\">\n            <div class=\"flex items-center\">\n                <img decoding=\"async\" src=\"https:\/\/neoviderm.hr\/wp-content\/uploads\/2025\/12\/star.svg\" class=\"h-4 w-4 text-yellow-500\">\n                <img decoding=\"async\" src=\"https:\/\/neoviderm.hr\/wp-content\/uploads\/2025\/12\/star.svg\" class=\"h-4 w-4 text-yellow-500\">\n                <img decoding=\"async\" src=\"https:\/\/neoviderm.hr\/wp-content\/uploads\/2025\/12\/star.svg\" class=\"h-4 w-4 text-yellow-500\">\n                <img decoding=\"async\" src=\"https:\/\/neoviderm.hr\/wp-content\/uploads\/2025\/12\/star.svg\" class=\"h-4 w-4 text-yellow-500\">\n                <img decoding=\"async\" src=\"https:\/\/neoviderm.hr\/wp-content\/uploads\/2025\/12\/star.svg\" class=\"h-4 w-4 text-yellow-500\">\n            <\/div>\n            <span class=\"ml-2 text-sm text-gray-600\">5,0 (300)<\/span>\n        <\/div>\n\t\t\t\t\t<hr class=\"my-4\">\n\n\t\t\t\t\t<div class=\"gap-2 text-xs flex flex-wrap\">\n\t\t\t\t\t\t<div class=\"flex items-center gap-2 text-green-700\">\n\t\t\t\t\t\t\t<!-- zamijeni putanju ikona po potrebi -->\n\t\t\t\t\t\t\t<span class=\"h-4 w-4 inline-block\">\u2714<\/span>\n\t\t\t\t\t\t\t<span>Razvijeno za potrebe o\u0161te\u0107ene, osjetljive i reaktivne ko\u017ee\n<\/span>\n\t\t\t\t\t\t<\/div>\n\t\t\t\t\t\t<div class=\"flex items-center gap-2 text-green-700\">\n\t\t\t\t\t\t\t<span class=\"h-4 w-4 inline-block\">\u2714<\/span>\n\t\t\t\t\t\t\t<span>Prikladno za kori\u0161tenje kod beba, djece i odraslih<\/span>\n\t\t\t\t\t\t<\/div>\n\t\t\t\t\t<\/div>\n\n\t\t\t\t\t<hr class=\"my-4\">\n\n\t\t\t\t\t<div class=\"flex items-center justify-between flex-wrap gap-2\">\n\t\t\t\t\t\t<div class=\"flex items-center gap-2\">\n\t\t\t\t\t\t\t<div class=\"flex items-center\">\n            <img decoding=\"async\" src=\"https:\/\/neoviderm.hr\/wp-content\/uploads\/2025\/12\/blue_pin.svg\" class=\"h-5 w-5 text-blue-700\">\n            <span class=\"ml-2 text-sm\" style=\"color:#1C4398;\"><a style=\"color:#1C4398; href=\"#\">Dostupno u najbli\u017eoj ljekarni<\/a><\/span>\n        <\/div>\n\t\t\t\t\t\t<\/div>\n\t\t\t\t\t\t<span class=\"font-semibold text-2xl text-gray-800\" x-text=\"totalPrice\">\n\t\t\t\t\t\t\t29,90&nbsp;&euro;\t\t\t\t\t\t<\/span>\n\t\t\t\t\t<\/div>\n\n\t\t\t\t\t<div class=\"mt-6 flex flex-col sm:flex-row gap-4\">\n\t\t\t\t\t\t<a href=\"https:\/\/neoviderm.hr\/en\/product\/neoviderm-spf50-tonirani\/\"\n\t\t\t\t\t\t   class=\"flex px-4 py-3 w-full items-center text-sm text-center justify-center font-semibold text-white bg-[#E58C4B] rounded-md transition-colors\">\n\t\t\t\t\t\t\tVidi proizvod\t\t\t\t\t\t<\/a>\n\t\t\t\t\t<\/div>\n\t\t\t\t<\/div>\n\t\t\t<\/div>\n\t\t\t\t<\/div>\n\t\n\n\t\t<\/div>\n\t<\/div>\n<\/div><\/div><\/div><\/div>\n<\/div>","protected":false},"excerpt":{"rendered":"<p>Svijet kozmetike oboga\u0107en je novim, inovativnim proizvodima koji donose revolucionarnu za\u0161titu &#8230; <\/p>","protected":false},"featured_media":19,"comment_status":"closed","ping_status":"closed","template":"","meta":[],"product_brand":[],"product_cat":[15],"product_tag":[],"class_list":{"0":"post-216","1":"product","2":"type-product","3":"status-publish","4":"has-post-thumbnail","6":"product_cat-uncategorized","8":"first","9":"instock","10":"shipping-taxable","11":"purchasable","12":"product-type-simple"},"acf":[],"_links":{"self":[{"href":"https:\/\/neoviderm.hr\/en\/wp-json\/wp\/v2\/product\/216","targetHints":{"allow":["GET"]}}],"collection":[{"href":"https:\/\/neoviderm.hr\/en\/wp-json\/wp\/v2\/product"}],"about":[{"href":"https:\/\/neoviderm.hr\/en\/wp-json\/wp\/v2\/types\/product"}],"replies":[{"embeddable":true,"href":"https:\/\/neoviderm.hr\/en\/wp-json\/wp\/v2\/comments?post=216"}],"wp:featuredmedia":[{"embeddable":true,"href":"https:\/\/neoviderm.hr\/en\/wp-json\/wp\/v2\/media\/19"}],"wp:attachment":[{"href":"https:\/\/neoviderm.hr\/en\/wp-json\/wp\/v2\/media?parent=216"}],"wp:term":[{"taxonomy":"product_brand","embeddable":true,"href":"https:\/\/neoviderm.hr\/en\/wp-json\/wp\/v2\/product_brand?post=216"},{"taxonomy":"product_cat","embeddable":true,"href":"https:\/\/neoviderm.hr\/en\/wp-json\/wp\/v2\/product_cat?post=216"},{"taxonomy":"product_tag","embeddable":true,"href":"https:\/\/neoviderm.hr\/en\/wp-json\/wp\/v2\/product_tag?post=216"}],"curies":[{"name":"wp","href":"https:\/\/api.w.org\/{rel}","templated":true}]}}